{"id":3,"date":"2024-05-22T17:33:45","date_gmt":"2024-05-22T20:33:45","guid":{"rendered":"http:\/\/027brasil.com.br\/?page_id=3"},"modified":"2024-08-15T16:56:23","modified_gmt":"2024-08-15T19:56:23","slug":"politica-de-privacidade","status":"publish","type":"page","link":"https:\/\/027brasil.com.br\/home\/politica-de-privacidade\/","title":{"rendered":"Pol\u00edtica de privacidade"},"content":{"rendered":"\t\t<div data-elementor-type=\"wp-page\" data-elementor-id=\"3\" class=\"elementor elementor-3\" data-elementor-post-type=\"page\">\n\t\t\t\t<div class=\"elementor-element elementor-element-199fe0c0 e-flex e-con-boxed e-con e-parent\" data-id=\"199fe0c0\" data-element_type=\"container\" data-e-type=\"container\">\n\t\t\t\t\t<div class=\"e-con-inner\">\n\t\t\t\t<div class=\"elementor-element elementor-element-33173159 elementor-widget elementor-widget-text-editor\" data-id=\"33173159\" data-element_type=\"widget\" data-e-type=\"widget\" data-widget_type=\"text-editor.default\">\n\t\t\t\t<div class=\"elementor-widget-container\">\n\t\t\t\t\t\t\t\t\t<p><\/p>\n<h2 class=\"wp-block-heading\">Pol\u00edtica de Privacidade do Site <a href=\"https:\/\/027brasil.com.br\/\">027BRASIL<\/a><\/h2>\n<p>A sua privacidade \u00e9 importante para n\u00f3s.<\/p>\n<p>\u00c9 pol\u00edtica do <a href=\"https:\/\/027brasil.com.br\/\">027BRASIL<\/a>\u00a0respeitar a sua privacidade em rela\u00e7\u00e3o a qualquer informa\u00e7\u00e3o sua que possamos coletar no site <a href=\"https:\/\/027brasil.com.br\/\">027BRASIL<\/a>, e outros sites que possu\u00edmos e operamos.<\/p>\n<h2 class=\"wp-block-heading\">Quem somos<\/h2>\n<p><\/p>\n<p><\/p>\n<p>O <a href=\"https:\/\/027brasil.com.br\/\">027BBRASIL<\/a>\u00a0\u00e9 um site de not\u00edcias da Pol\u00edtica e Ec\u00f4nomia que tem como objetivo fornecer conte\u00fado relevante e de qualidade para os seus visitantes.<\/p>\n<p><\/p>\n<p><\/p>\n<h2 class=\"wp-block-heading\">Coment\u00e1rios<\/h2>\n<p><\/p>\n<p><\/p>\n<p>Quando os visitantes deixam coment\u00e1rios no site, coletamos os dados mostrados no formul\u00e1rio de coment\u00e1rios, al\u00e9m do endere\u00e7o de IP e de dados do navegador do visitante, para auxiliar na detec\u00e7\u00e3o de spam.<\/p>\n<p><\/p>\n<p><\/p>\n<p><\/p>\n<h2 class=\"wp-block-heading\">M\u00eddia<\/h2>\n<p><\/p>\n<p><\/p>\n<p>Se voc\u00ea envia imagens para o site, evite enviar as que contenham dados de localiza\u00e7\u00e3o incorporados (EXIF GPS). Visitantes podem baixar estas imagens do site e extrair delas seus dados de localiza\u00e7\u00e3o.<\/p>\n<p><\/p>\n<p><\/p>\n<h2 class=\"wp-block-heading\">Cookies<\/h2>\n<p><\/p>\n<p><\/p>\n<p>Ao deixar um coment\u00e1rio no site, voc\u00ea poder\u00e1 optar por salvar seu nome, e-mail e site nos cookies. Isso visa seu conforto, assim voc\u00ea n\u00e3o precisar\u00e1 preencher seus dados novamente quando fizer outro coment\u00e1rio. Estes cookies duram um ano.<\/p>\n<p><\/p>\n<p><\/p>\n<p>Se voc\u00ea tem uma conta e acessa este site, um cookie tempor\u00e1rio ser\u00e1 criado para determinar se seu navegador aceita cookies. Ele n\u00e3o cont\u00e9m nenhum dado pessoal e ser\u00e1 descartado quando voc\u00ea fechar seu navegador.<\/p>\n<p><\/p>\n<p><\/p>\n<p>Quando voc\u00ea acessa sua conta no site, tamb\u00e9m criamos v\u00e1rios cookies para salvar os dados da sua conta e suas escolhas de exibi\u00e7\u00e3o de tela. Cookies de login s\u00e3o mantidos por dois dias e cookies de op\u00e7\u00f5es de tela por um ano. Se voc\u00ea selecionar &#8220;Lembrar-me&#8221;, seu acesso ser\u00e1 mantido por duas semanas. Se voc\u00ea se desconectar da sua conta, os cookies de login ser\u00e3o removidos.<\/p>\n<p><\/p>\n<p><\/p>\n<p>Se voc\u00ea editar ou publicar um artigo, um cookie adicional ser\u00e1 salvo no seu navegador. Este cookie n\u00e3o inclui nenhum dado pessoal e simplesmente indica o ID do post referente ao artigo que voc\u00ea acabou de editar. Ele expira depois de 1 dia.<\/p>\n<p><\/p>\n<p><\/p>\n<h2 class=\"wp-block-heading\">M\u00eddia incorporada de outros sites<\/h2>\n<p><\/p>\n<p><\/p>\n<p>Artigos neste site podem incluir conte\u00fado incorporado como, por exemplo, v\u00eddeos, imagens, artigos, etc. Conte\u00fados incorporados de outros sites se comportam exatamente da mesma forma como se o visitante estivesse visitando o outro site.<\/p>\n<p><\/p>\n<p><\/p>\n<p>Estes sites podem coletar dados sobre voc\u00ea, usar cookies, incorporar rastreamento adicional de terceiros e monitorar sua intera\u00e7\u00e3o com este conte\u00fado incorporado, incluindo sua intera\u00e7\u00e3o com o conte\u00fado incorporado se voc\u00ea tem uma conta e est\u00e1 conectado com o site.<\/p>\n<p><\/p>\n<p><\/p>\n<p><\/p>\n<h2 class=\"wp-block-heading\">Quais os seus direitos sobre seus dados<\/h2>\n<p><\/p>\n<p><\/p>\n<p>Se voc\u00ea tiver uma conta neste site ou se tiver deixado coment\u00e1rios, pode solicitar um arquivo exportado dos dados pessoais que mantemos sobre voc\u00ea, inclusive quaisquer dados que nos tenha fornecido. Tamb\u00e9m pode solicitar que removamos qualquer dado pessoal que mantemos sobre voc\u00ea. Isto n\u00e3o inclui nenhum dado que somos obrigados a manter para prop\u00f3sitos administrativos, legais ou de seguran\u00e7a.<\/p>\n<p><\/p>\n<p><\/p>\n<h2 class=\"wp-block-heading\">Para onde seus dados s\u00e3o enviados<\/h2>\n<p><\/p>\n<p><\/p>\n<p>Coment\u00e1rios de visitantes podem ser marcados por um servi\u00e7o autom\u00e1tico de detec\u00e7\u00e3o de spam.<\/p>\n<p><\/p>\n<h2><strong>Compromisso do Usu\u00e1rio<\/strong><\/h2>\n<p>O usu\u00e1rio se compromete a fazer uso adequado dos conte\u00fados e da informa\u00e7\u00e3o que o <a href=\"https:\/\/027brasil.com.br\/\">027BRASIL<\/a>\u00a0oferece no site e com car\u00e1ter enunciativo, mas n\u00e3o limitativo:<\/p>\n<ol>\n<li>N\u00e3o se envolver em atividades que sejam ilegais ou contr\u00e1rias \u00e0 boa f\u00e9 e \u00e0 ordem p\u00fablica;<\/li>\n<li>N\u00e3o difundir propaganda ou conte\u00fado de natureza racista, xenof\u00f3bica, ou de jogos de azar, qualquer tipo de pornografia ilegal, de apologia ao terrorismo ou contra os direitos humanos;<\/li>\n<li>N\u00e3o causar danos aos sistemas f\u00edsicos (hardwares) e l\u00f3gicos (softwares) do\u00a0<a href=\"https:\/\/027brasil.com.br\/\" target=\"_blank\" rel=\"noopener\">027BRASIL<\/a>l, de seus fornecedores ou terceiros, introduzindo ou disseminando v\u00edrus inform\u00e1ticos ou quaisquer outros sistemas de hardware ou software que sejam capazes de causar danos anteriormente mencionados.<\/li>\n<\/ol>\n<h2><strong>Mais Informa\u00e7\u00f5es<\/strong><\/h2>\n<p>Esta pol\u00edtica de privacidade est\u00e1 sujeita a mudan\u00e7as sem aviso pr\u00e9vio e foi atualizada pela \u00faltima vez em 09\/06\/2024. Se tiver d\u00favidas sobre como lidamos com os dados do usu\u00e1rio e as informa\u00e7\u00f5es pessoais, n\u00e3o hesite em nos contatar atrav\u00e9s do formul\u00e1rio de <a href=\"https:\/\/027brasil.com.br\/home\/contato\">contato<\/a> dispon\u00edvel no site.<\/p>\t\t\t\t\t\t\t\t<\/div>\n\t\t\t\t<\/div>\n\t\t\t\t\t<\/div>\n\t\t\t\t<\/div>\n\t\t\t\t<\/div>\n\t\t","protected":false},"excerpt":{"rendered":"<p>Pol\u00edtica de Privacidade do Site 027BRASIL A sua privacidade \u00e9 importante para n\u00f3s. \u00c9 pol\u00edtica do 027BRASIL\u00a0respeitar a sua privacidade em rela\u00e7\u00e3o a qualquer informa\u00e7\u00e3o sua que possamos coletar no site 027BRASIL, e outros sites que possu\u00edmos e operamos. Quem somos O 027BBRASIL\u00a0\u00e9 um site de not\u00edcias da Pol\u00edtica e Ec\u00f4nomia que tem como objetivo [&hellip;]<\/p>\n","protected":false},"author":1,"featured_media":0,"parent":0,"menu_order":2,"comment_status":"closed","ping_status":"closed","template":"","meta":{"om_disable_all_campaigns":false,"_monsterinsights_skip_tracking":false,"_monsterinsights_sitenote_active":false,"_monsterinsights_sitenote_note":"","_monsterinsights_sitenote_category":0,"footnotes":""},"class_list":["post-3","page","type-page","status-publish","hentry"],"aioseo_notices":[],"_links":{"self":[{"href":"https:\/\/027brasil.com.br\/home\/wp-json\/wp\/v2\/pages\/3","targetHints":{"allow":["GET"]}}],"collection":[{"href":"https:\/\/027brasil.com.br\/home\/wp-json\/wp\/v2\/pages"}],"about":[{"href":"https:\/\/027brasil.com.br\/home\/wp-json\/wp\/v2\/types\/page"}],"author":[{"embeddable":true,"href":"https:\/\/027brasil.com.br\/home\/wp-json\/wp\/v2\/users\/1"}],"replies":[{"embeddable":true,"href":"https:\/\/027brasil.com.br\/home\/wp-json\/wp\/v2\/comments?post=3"}],"version-history":[{"count":47,"href":"https:\/\/027brasil.com.br\/home\/wp-json\/wp\/v2\/pages\/3\/revisions"}],"predecessor-version":[{"id":1502,"href":"https:\/\/027brasil.com.br\/home\/wp-json\/wp\/v2\/pages\/3\/revisions\/1502"}],"wp:attachment":[{"href":"https:\/\/027brasil.com.br\/home\/wp-json\/wp\/v2\/media?parent=3"}],"curies":[{"name":"wp","href":"https:\/\/api.w.org\/{rel}","templated":true}]}}